{"id":4961,"date":"2024-03-29T02:32:35","date_gmt":"2024-03-28T23:32:35","guid":{"rendered":"https:\/\/enspride.com\/?page_id=4961"},"modified":"2024-03-29T02:54:40","modified_gmt":"2024-03-28T23:54:40","slug":"agents-2","status":"publish","type":"page","link":"https:\/\/enspride.com\/tr\/agents-2\/","title":{"rendered":"Acenteler"},"content":{"rendered":"<div data-elementor-type=\"wp-page\" data-elementor-id=\"4961\" class=\"elementor elementor-4961\" data-elementor-post-type=\"page\">\n\t\t\t\t\t\t\t<div class=\"elementor-element elementor-element-9c705ed e-flex e-con-boxed e-con e-parent\" data-id=\"9c705ed\" data-element_type=\"container\" data-settings=\"{&quot;content_width&quot;:&quot;boxed&quot;}\" data-core-v316-plus=\"true\">\n\t\t\t\t\t<div class=\"e-con-inner\">\n\t\t\t\t<div class=\"elementor-element elementor-element-b42d228 elementor-widget elementor-widget-heading\" data-id=\"b42d228\" data-element_type=\"widget\" data-widget_type=\"heading.default\">\n\t\t\t\t<div class=\"elementor-widget-container\">\n\t\t\t<style>\/*! elementor - v3.18.0 - 04-12-2023 *\/\n.elementor-heading-title{padding:0;margin:0;line-height:1}.elementor-widget-heading .elementor-heading-title[class*=elementor-size-]>a{color:inherit;font-size:inherit;line-height:inherit}.elementor-widget-heading .elementor-heading-title.elementor-size-small{font-size:15px}.elementor-widget-heading .elementor-heading-title.elementor-size-medium{font-size:19px}.elementor-widget-heading .elementor-heading-title.elementor-size-large{font-size:29px}.elementor-widget-heading .elementor-heading-title.elementor-size-xl{font-size:39px}.elementor-widget-heading .elementor-heading-title.elementor-size-xxl{font-size:59px}<\/style><h2 class=\"elementor-heading-title elementor-size-default\">Bizim tak\u0131m<\/h2>\t\t<\/div>\n\t\t\t\t<\/div>\n\t\t\t\t\t<\/div>\n\t\t\t\t<\/div>\n\t\t<div class=\"elementor-element elementor-element-b8f9e94 e-flex e-con-boxed e-con e-parent\" data-id=\"b8f9e94\" data-element_type=\"container\" data-settings=\"{&quot;content_width&quot;:&quot;boxed&quot;}\" data-core-v316-plus=\"true\">\n\t\t\t\t\t<div class=\"e-con-inner\">\n\t\t\t\t<div class=\"elementor-element elementor-element-fcfc730 elementor-widget elementor-widget-ere-agents-widget-2\" data-id=\"fcfc730\" data-element_type=\"widget\" data-widget_type=\"ere-agents-widget-2.default\">\n\t\t\t\t<div class=\"elementor-widget-container\">\n\t\t\t            <div class=\"rhea_wrapper_agents_two\">\n\n                <div class=\"rhea_section__agents_two rhea_col_1\">\n\t\t\t\t\t\n<article class=\"rhea_agent_two\">\n    <div class=\"rhea_agent_two_wrap\">\n\t\t            <div class=\"rhea_agent_two_thumbnail\">\n                <a href=\"https:\/\/enspride.com\/tr\/dan\u0131\u015fman\/gold-ahiskali\/\">\n\t\t\t\t\t<img decoding=\"async\" width=\"210\" height=\"210\" src=\"https:\/\/enspride.com\/wp-content\/uploads\/2022\/11\/Adsiz-tasarim-210x210.png\" class=\"attachment-agent-image size-agent-image wp-post-image\" alt=\"\" srcset=\"https:\/\/enspride.com\/wp-content\/uploads\/2022\/11\/Adsiz-tasarim-210x210.png 210w, https:\/\/enspride.com\/wp-content\/uploads\/2022\/11\/Adsiz-tasarim-300x300.png 300w, https:\/\/enspride.com\/wp-content\/uploads\/2022\/11\/Adsiz-tasarim-150x150.png 150w, https:\/\/enspride.com\/wp-content\/uploads\/2022\/11\/Adsiz-tasarim-768x768.png 768w, https:\/\/enspride.com\/wp-content\/uploads\/2022\/11\/Adsiz-tasarim-12x12.png 12w, https:\/\/enspride.com\/wp-content\/uploads\/2022\/11\/Adsiz-tasarim.png 1024w\" sizes=\"(max-width: 210px) 100vw, 210px\" \/>                <\/a>\n            <\/div>\n\t\t\t        <div class=\"rhea_agent_two_details\">\n\t\t\t                <h3 class=\"rhea_agent_two_title\">\n\t\t\t\t\t<a href=\"https:\/\/enspride.com\/tr\/dan\u0131\u015fman\/gold-ahiskali\/\">Alt\u0131n Ah\u0131skal\u0131<\/a> \n\t\t\t\t\t                <\/h3>\n\t\t\t                <span class=\"rhea_agent_designation\">Emlak\u00e7\u0131lar<\/span>\n\t\t\t\t                    <ul class=\"rhea_agent_two_socials\">\n\t\t\t\t\t\t                            <li class=\"rhea_item_facebook\">\n                                <a target=\"_blank\" href=\"https:\/\/www.facebook.com\/ens_pride\/\">\n                                    <i class=\"fab fa-facebook fa-lg\"><\/i>\n                                <\/a>\n                            <\/li>\n\t\t\t\t\t\t\t                            <li class=\"rhea_item_instagram\">\n                                <a target=\"_blank\" href=\"https:\/\/www.instagram.com\/ens_pride\/\">\n                                    <i class=\"fab fa-instagram fa-lg\"><\/i>\n                                <\/a>\n                            <\/li>\n\t\t\t\t\t\t\t                    <\/ul>\n\t\t\t\t\t                    <p class=\"rhea_agent_two_excerpt\">Alt\u0131n Ah\u0131skal\u0131<\/p>\n\t\t\t\t\t                <div class=\"rhea_agent_two_meta number mobile\">\n                    <i class=\"fas fa-mobile-alt\"><\/i>&nbsp;\n                    <a href=\"tel: 905545400707\">\n\t\t\t\t\t\t+905545400707                    <\/a>\n                <\/div>\n\t\t\t\t                <div class=\"rhea_agent_two_meta number office\">\n                    <i class=\"fas fa-phone-alt\"><\/i>&nbsp;\n                    <a href=\"tel: 905545400707\">\n\t\t\t\t\t\t+905545400707                    <\/a>\n                <\/div>\n\t\t\t\t                <div class=\"rhea_agent_two_meta number whatsapp\">\n                    <i class=\"fab fa-whatsapp\"><\/i>&nbsp;\n                    <a href=\"https:\/\/wa.me\/+905545400707\" target=\"_blank\">\n\t\t\t\t\t\t+905545400707                    <\/a>\n                <\/div>\n\t\t\t\t                <div class=\"rhea_agent_two_meta website\">\n                    <i class=\"fas fa-link\"><\/i>&nbsp;\n                    <a href=\"https:\/\/enspride.com\/tr\/\" target=\"_blank\">\n\t\t\t\t\t\thttps:\/\/enspride.com\/                    <\/a>\n                <\/div>\n\t\t\t\t                <div class=\"rhea_agent_two_meta email\">\n                    <i class=\"fas fa-envelope\"><\/i>&nbsp;\n                    <a href=\"mailto:&#105;&#110;&#102;o&#064;&#101;&#110;&#115;p&#114;&#105;de.&#099;om\">\n\t\t\t\t\t\t&#105;n&#102;o&#064;&#101;n&#115;pri&#100;&#101;&#046;&#099;o&#109;                    <\/a>\n                <\/div>\n\t\t\t\t        <\/div>\n        <!-- ending .rhea_agent_two_details div -->\n    <\/div>\n    <!-- ending .rhea_agent_two_wrap div -->\n<\/article>\n<!-- ending .rhea_agent_two article -->                <\/div>\n\n            <\/div>\n\t\t\t\t\t<\/div>\n\t\t\t\t<\/div>\n\t\t\t\t\t<\/div>\n\t\t\t\t<\/div>\n\t\t\t\t\t\t\t<\/div>","protected":false},"excerpt":{"rendered":"<p>Our Team ENS Pride Real Estate Agents ENS Pride &nbsp; +905545400707 &nbsp; +905545400707 &nbsp; +905545400707 &nbsp; https:\/\/enspride.com\/ &nbsp; &#105;n&#102;&#111;&#064;&#103;o&#108;&#100;a&#104;&#105;&#115;&#107;al&#105;&#046;com<\/p>","protected":false},"author":1,"featured_media":0,"parent":0,"menu_order":0,"comment_status":"closed","ping_status":"closed","template":"elementor_header_footer","meta":{"footnotes":""},"class_list":["post-4961","page","type-page","status-publish","hentry"],"yoast_head":"<!-- This site is optimized with the Yoast SEO plugin v22.2 - https:\/\/yoast.com\/wordpress\/plugins\/seo\/ -->\n<title>Agents - ENS Pride<\/title>\n<meta name=\"robots\" content=\"index, follow, max-snippet:-1, max-image-preview:large, max-video-preview:-1\" \/>\n<link rel=\"canonical\" href=\"https:\/\/enspride.com\/tr\/agents-2\/\" \/>\n<meta property=\"og:locale\" content=\"tr_TR\" \/>\n<meta property=\"og:type\" content=\"article\" \/>\n<meta property=\"og:title\" content=\"Agents - ENS Pride\" \/>\n<meta property=\"og:description\" content=\"Our Team ENS Pride Real Estate Agents ENS Pride &nbsp; +905545400707 &nbsp; +905545400707 &nbsp; +905545400707 &nbsp; https:\/\/enspride.com\/ &nbsp; &#105;n&#102;&#111;&#064;&#103;o&#108;&#100;a&#104;&#105;&#115;&#107;al&#105;&#046;com\" \/>\n<meta property=\"og:url\" content=\"https:\/\/enspride.com\/tr\/agents-2\/\" \/>\n<meta property=\"og:site_name\" content=\"ENS Pride\" \/>\n<meta property=\"article:modified_time\" content=\"2024-03-28T23:54:40+00:00\" \/>\n<meta property=\"og:image\" content=\"https:\/\/enspride.com\/wp-content\/uploads\/2024\/03\/Adsiz-tasarim-210x210.png\" \/>\n<meta name=\"twitter:card\" content=\"summary_large_image\" \/>\n<meta name=\"twitter:label1\" content=\"Tahmini okuma s\u00fcresi\" \/>\n\t<meta name=\"twitter:data1\" content=\"1 dakika\" \/>\n<script type=\"application\/ld+json\" class=\"yoast-schema-graph\">{\"@context\":\"https:\/\/schema.org\",\"@graph\":[{\"@type\":\"WebPage\",\"@id\":\"https:\/\/enspride.com\/agents-2\/\",\"url\":\"https:\/\/enspride.com\/agents-2\/\",\"name\":\"Agents - ENS Pride\",\"isPartOf\":{\"@id\":\"https:\/\/enspride.com\/#website\"},\"primaryImageOfPage\":{\"@id\":\"https:\/\/enspride.com\/agents-2\/#primaryimage\"},\"image\":{\"@id\":\"https:\/\/enspride.com\/agents-2\/#primaryimage\"},\"thumbnailUrl\":\"https:\/\/enspride.com\/wp-content\/uploads\/2024\/03\/Adsiz-tasarim-210x210.png\",\"datePublished\":\"2024-03-28T23:32:35+00:00\",\"dateModified\":\"2024-03-28T23:54:40+00:00\",\"inLanguage\":\"tr\",\"potentialAction\":[{\"@type\":\"ReadAction\",\"target\":[\"https:\/\/enspride.com\/agents-2\/\"]}]},{\"@type\":\"ImageObject\",\"inLanguage\":\"tr\",\"@id\":\"https:\/\/enspride.com\/agents-2\/#primaryimage\",\"url\":\"https:\/\/enspride.com\/wp-content\/uploads\/2024\/03\/Adsiz-tasarim.png\",\"contentUrl\":\"https:\/\/enspride.com\/wp-content\/uploads\/2024\/03\/Adsiz-tasarim.png\",\"width\":1024,\"height\":1024},{\"@type\":\"WebSite\",\"@id\":\"https:\/\/enspride.com\/#website\",\"url\":\"https:\/\/enspride.com\/\",\"name\":\"ENS Pride\",\"description\":\"Alanya Real Estate\",\"publisher\":{\"@id\":\"https:\/\/enspride.com\/#organization\"},\"potentialAction\":[{\"@type\":\"SearchAction\",\"target\":{\"@type\":\"EntryPoint\",\"urlTemplate\":\"https:\/\/enspride.com\/?s={search_term_string}\"},\"query-input\":\"required name=search_term_string\"}],\"inLanguage\":\"tr\"},{\"@type\":\"Organization\",\"@id\":\"https:\/\/enspride.com\/#organization\",\"name\":\"ENS Pride\",\"url\":\"https:\/\/enspride.com\/\",\"logo\":{\"@type\":\"ImageObject\",\"inLanguage\":\"tr\",\"@id\":\"https:\/\/enspride.com\/#\/schema\/logo\/image\/\",\"url\":\"https:\/\/enspride.com\/wp-content\/uploads\/2022\/11\/ens-pride.png\",\"contentUrl\":\"https:\/\/enspride.com\/wp-content\/uploads\/2022\/11\/ens-pride.png\",\"width\":2169,\"height\":1342,\"caption\":\"ENS Pride\"},\"image\":{\"@id\":\"https:\/\/enspride.com\/#\/schema\/logo\/image\/\"}}]}<\/script>\n<!-- \/ Yoast SEO plugin. -->","yoast_head_json":{"title":"Agents - ENS Pride","robots":{"index":"index","follow":"follow","max-snippet":"max-snippet:-1","max-image-preview":"max-image-preview:large","max-video-preview":"max-video-preview:-1"},"canonical":"https:\/\/enspride.com\/tr\/agents-2\/","og_locale":"tr_TR","og_type":"article","og_title":"Agents - ENS Pride","og_description":"Our Team ENS Pride Real Estate Agents ENS Pride &nbsp; +905545400707 &nbsp; +905545400707 &nbsp; +905545400707 &nbsp; https:\/\/enspride.com\/ &nbsp; &#105;n&#102;&#111;&#064;&#103;o&#108;&#100;a&#104;&#105;&#115;&#107;al&#105;&#046;com","og_url":"https:\/\/enspride.com\/tr\/agents-2\/","og_site_name":"ENS Pride","article_modified_time":"2024-03-28T23:54:40+00:00","og_image":[{"url":"https:\/\/enspride.com\/wp-content\/uploads\/2024\/03\/Adsiz-tasarim-210x210.png"}],"twitter_card":"summary_large_image","twitter_misc":{"Tahmini okuma s\u00fcresi":"1 dakika"},"schema":{"@context":"https:\/\/schema.org","@graph":[{"@type":"WebPage","@id":"https:\/\/enspride.com\/agents-2\/","url":"https:\/\/enspride.com\/agents-2\/","name":"Agents - ENS Pride","isPartOf":{"@id":"https:\/\/enspride.com\/#website"},"primaryImageOfPage":{"@id":"https:\/\/enspride.com\/agents-2\/#primaryimage"},"image":{"@id":"https:\/\/enspride.com\/agents-2\/#primaryimage"},"thumbnailUrl":"https:\/\/enspride.com\/wp-content\/uploads\/2024\/03\/Adsiz-tasarim-210x210.png","datePublished":"2024-03-28T23:32:35+00:00","dateModified":"2024-03-28T23:54:40+00:00","inLanguage":"tr","potentialAction":[{"@type":"ReadAction","target":["https:\/\/enspride.com\/agents-2\/"]}]},{"@type":"ImageObject","inLanguage":"tr","@id":"https:\/\/enspride.com\/agents-2\/#primaryimage","url":"https:\/\/enspride.com\/wp-content\/uploads\/2024\/03\/Adsiz-tasarim.png","contentUrl":"https:\/\/enspride.com\/wp-content\/uploads\/2024\/03\/Adsiz-tasarim.png","width":1024,"height":1024},{"@type":"WebSite","@id":"https:\/\/enspride.com\/#website","url":"https:\/\/enspride.com\/","name":"ENS Pride","description":"Alanya Real Estate","publisher":{"@id":"https:\/\/enspride.com\/#organization"},"potentialAction":[{"@type":"SearchAction","target":{"@type":"EntryPoint","urlTemplate":"https:\/\/enspride.com\/?s={search_term_string}"},"query-input":"required name=search_term_string"}],"inLanguage":"tr"},{"@type":"Organization","@id":"https:\/\/enspride.com\/#organization","name":"ENS Pride","url":"https:\/\/enspride.com\/","logo":{"@type":"ImageObject","inLanguage":"tr","@id":"https:\/\/enspride.com\/#\/schema\/logo\/image\/","url":"https:\/\/enspride.com\/wp-content\/uploads\/2022\/11\/ens-pride.png","contentUrl":"https:\/\/enspride.com\/wp-content\/uploads\/2022\/11\/ens-pride.png","width":2169,"height":1342,"caption":"ENS Pride"},"image":{"@id":"https:\/\/enspride.com\/#\/schema\/logo\/image\/"}}]}},"_links":{"self":[{"href":"https:\/\/enspride.com\/tr\/wp-json\/wp\/v2\/pages\/4961","targetHints":{"allow":["GET"]}}],"collection":[{"href":"https:\/\/enspride.com\/tr\/wp-json\/wp\/v2\/pages"}],"about":[{"href":"https:\/\/enspride.com\/tr\/wp-json\/wp\/v2\/types\/page"}],"author":[{"embeddable":true,"href":"https:\/\/enspride.com\/tr\/wp-json\/wp\/v2\/users\/1"}],"replies":[{"embeddable":true,"href":"https:\/\/enspride.com\/tr\/wp-json\/wp\/v2\/comments?post=4961"}],"version-history":[{"count":10,"href":"https:\/\/enspride.com\/tr\/wp-json\/wp\/v2\/pages\/4961\/revisions"}],"predecessor-version":[{"id":4988,"href":"https:\/\/enspride.com\/tr\/wp-json\/wp\/v2\/pages\/4961\/revisions\/4988"}],"wp:attachment":[{"href":"https:\/\/enspride.com\/tr\/wp-json\/wp\/v2\/media?parent=4961"}],"curies":[{"name":"wp","href":"https:\/\/api.w.org\/{rel}","templated":true}]}}